{"id":7,"date":"2024-03-04T18:02:09","date_gmt":"2024-03-04T17:02:09","guid":{"rendered":"https:\/\/sandrinesparis.com\/?page_id=7"},"modified":"2024-05-17T17:24:21","modified_gmt":"2024-05-17T15:24:21","slug":"sandrine-voillet-tv","status":"publish","type":"page","link":"https:\/\/sandrinesparis.com\/index.php\/sandrine-voillet-tv\/","title":{"rendered":"TV Work"},"content":{"rendered":"\n<div class=\"wp-block-group has-global-padding is-layout-constrained wp-block-group-is-layout-constrained\">\n<h2 class=\"wp-block-heading\"><strong>TV Series<\/strong><\/h2>\n\n\n\n<h2 class=\"wp-block-heading\"><strong>\u201cParis\u201d BBC Series, 3 x 60min<\/strong><\/h2>\n\n\n\n<p>Taking viewers through several centuries of Paris\u2019 cultural history, Sandrine celebrates the art, literature, music, films and design that have combined to create the spectacular \u2018City of Lights\u2019.<\/p>\n\n\n\n<p>This is the tale of the lavish court of the Sun King, Louis XIV, and the sexual decadence of the revolutionary Paris; the crazy years of the early 1900s, played out in the Moulin Rouge and the Lapin Agile; the jazz explosion of the Thirties; and the Sixties heyday of hedonism, expressed through \u2018nouvelle vague\u2019, music and literature. Sandrine also discovers the cast of extraordinary characters who were inspired by the city, including the Marquise de S\u00e9vign\u00e9, the Marquis de Sade, Denis Diderot, Honor\u00e9 Daumier, Auguste Rodin, Pablo Picasso, Josephine Baker, Christian Lacroix and Jane Birkin.<\/p>\n<\/div>\n\n\n\n<div style=\"height:64px\" aria-hidden=\"true\" class=\"wp-block-spacer\"><\/div>\n\n\n\n<div class=\"wp-block-group is-vertical is-layout-flex wp-container-core-group-is-layout-fe9cc265 wp-block-group-is-layout-flex\">\n<h2 class=\"wp-block-heading\"><strong><strong>Guest Appearances<\/strong><\/strong><\/h2>\n\n\n\n<div class=\"wp-block-group has-global-padding is-layout-constrained wp-block-group-is-layout-constrained\">\n<figure class=\"wp-block-image size-full\"><img loading=\"lazy\" decoding=\"async\" width=\"480\" height=\"134\" src=\"https:\/\/sandrinesparis.com\/wp-content\/uploads\/2024\/03\/supersizers-1.jpg\" alt=\"\" class=\"wp-image-47\" srcset=\"https:\/\/sandrinesparis.com\/wp-content\/uploads\/2024\/03\/supersizers-1.jpg 480w, https:\/\/sandrinesparis.com\/wp-content\/uploads\/2024\/03\/supersizers-1-300x84.jpg 300w\" sizes=\"auto, (max-width: 480px) 100vw, 480px\" \/><\/figure>\n\n\n\n<h2 class=\"wp-block-heading\"><strong><strong>The Supersizers Eat the French Revolution, BBC2,\u00a060min<\/strong><\/strong><\/h2>\n\n\n\n<p>Restaurant critic Giles Coren and writer and comedian Sue Perkins experience the food culture of years gone by. &nbsp;They go for a journey back to Revolutionary France in the 1780s. Donning wigs and corsets, they find out what King Louis XVI ate, why Marie Antoinette was so hated, and how the Revolution was instrumental in creating the first restaurant and first restaurant critic. Sandrine was invited to talk about customs at the time.<\/p>\n<\/div>\n\n\n\n<div style=\"height:64px\" aria-hidden=\"true\" class=\"wp-block-spacer wp-container-content-d25f37ba\"><\/div>\n\n\n\n<div class=\"wp-block-group has-global-padding is-layout-constrained wp-block-group-is-layout-constrained\">\n<figure class=\"wp-block-image size-full\"><img loading=\"lazy\" decoding=\"async\" width=\"480\" height=\"135\" src=\"https:\/\/sandrinesparis.com\/wp-content\/uploads\/2024\/03\/eiffeltower-1.jpg\" alt=\"\" class=\"wp-image-48\" srcset=\"https:\/\/sandrinesparis.com\/wp-content\/uploads\/2024\/03\/eiffeltower-1.jpg 480w, https:\/\/sandrinesparis.com\/wp-content\/uploads\/2024\/03\/eiffeltower-1-300x84.jpg 300w\" sizes=\"auto, (max-width: 480px) 100vw, 480px\" \/><\/figure>\n\n\n\n<h2 class=\"wp-block-heading\"><strong><strong><strong>Monumental Challenge &#8211; Eiffel Tower,\u00a060min<\/strong><\/strong><\/strong><\/h2>\n\n\n\n<p><strong>Blink Films, History Channel<\/strong><\/p>\n\n\n\n<p>Monumental : A\u00a06 part series for the History channel. This programme looks at the restoration works on 6 of the greatest world monuments including the Taj Mahal, Big Ben and the Eiffel tower, now part of UNESCO world heritage .\u00a0The episode on the Eiffel tower covers painting campaigns and works on the lift\u00a0on the western pillar\u00a0\u00a0to ensure the Tower can endure the 21<sup>st<\/sup>\u00a0century. Sandrine gives an interview on the Tower\u2019s History.<\/p>\n<\/div>\n\n\n\n<div style=\"height:64px\" aria-hidden=\"true\" class=\"wp-block-spacer wp-container-content-d25f37ba\"><\/div>\n\n\n\n<div class=\"wp-block-group has-global-padding is-layout-constrained wp-block-group-is-layout-constrained\">\n<div class=\"wp-block-group has-global-padding is-layout-constrained wp-block-group-is-layout-constrained\">\n<figure class=\"wp-block-image size-full\"><img loading=\"lazy\" decoding=\"async\" width=\"480\" height=\"135\" src=\"https:\/\/sandrinesparis.com\/wp-content\/uploads\/2024\/03\/eiffeltower-1.jpg\" alt=\"\" class=\"wp-image-48\" srcset=\"https:\/\/sandrinesparis.com\/wp-content\/uploads\/2024\/03\/eiffeltower-1.jpg 480w, https:\/\/sandrinesparis.com\/wp-content\/uploads\/2024\/03\/eiffeltower-1-300x84.jpg 300w\" sizes=\"auto, (max-width: 480px) 100vw, 480px\" \/><\/figure>\n\n\n\n<h2 class=\"wp-block-heading\"><strong><strong><strong>Pricing the Priceless &#8211; Eiffel Tower,\u00a060min<\/strong><\/strong><\/strong><\/h2>\n\n\n\n<p><strong>Bullseye Productions, US National Geographic TV channel<\/strong><\/p>\n\n\n\n<p>Restaurant critic Giles Coren and writer and comedian Sue Perkins experience the food culture of years gone by. &nbsp;They go for a journey back to Revolutionary France in the 1780s. Donning wigs and corsets, they find out what King Louis XVI ate, why Marie Antoinette was so hated, and how the Revolution was instrumental in creating the first restaurant and first restaurant critic. Sandrine was invited to talk about customs at the time.<\/p>\n<\/div>\n\n\n\n<div style=\"height:64px\" aria-hidden=\"true\" class=\"wp-block-spacer\"><\/div>\n\n\n\n<div class=\"wp-block-group has-global-padding is-layout-constrained wp-block-group-is-layout-constrained\">\n<figure class=\"wp-block-image size-full\"><img loading=\"lazy\" decoding=\"async\" width=\"452\" height=\"300\" src=\"https:\/\/sandrinesparis.com\/wp-content\/uploads\/2024\/03\/edwardburra.jpg\" alt=\"\" class=\"wp-image-49\" srcset=\"https:\/\/sandrinesparis.com\/wp-content\/uploads\/2024\/03\/edwardburra.jpg 452w, https:\/\/sandrinesparis.com\/wp-content\/uploads\/2024\/03\/edwardburra-300x199.jpg 300w\" sizes=\"auto, (max-width: 452px) 100vw, 452px\" \/><\/figure>\n\n\n\n<h2 class=\"wp-block-heading\"><strong><strong><strong><strong>Edward Burra<\/strong><\/strong><\/strong><\/strong><\/h2>\n\n\n\n<p><strong>Presented by art critic Andrew Graham-Dixon<\/strong><\/p>\n\n\n\n<p>A programme about the life and work of British painter Edward Burra ( 1905 \u2013 1976), often associated to Surrealism. Burra travelled to Paris during the Twenties. Sandrine talks about the \u201cTumulte Noir\u201d, Jos\u00e9phine Baker, dance and jazz in Paris in 1925.<\/p>\n<\/div>\n<\/div>\n<\/div>\n","protected":false},"excerpt":{"rendered":"<p>TV Series \u201cParis\u201d BBC Series, 3 x 60min Taking viewers through several centuries of Paris\u2019 cultural history, Sandrine celebrates the art, literature, music, films and design that have combined to create the spectacular \u2018City of Lights\u2019. This is the tale of the lavish court of the Sun King, Louis XIV, and the sexual decadence of [&hellip;]<\/p>\n","protected":false},"author":1,"featured_media":46,"parent":0,"menu_order":0,"comment_status":"closed","ping_status":"closed","template":"","meta":{"_monsterinsights_skip_tracking":false,"_monsterinsights_sitenote_active":false,"_monsterinsights_sitenote_note":"","_monsterinsights_sitenote_category":0,"footnotes":""},"class_list":["post-7","page","type-page","status-publish","has-post-thumbnail","hentry"],"yoast_head":"<!-- This site is optimized with the Yoast SEO plugin v27.3 - https:\/\/yoast.com\/product\/yoast-seo-wordpress\/ -->\n<title>TV Work - Sandrine Voillet<\/title>\n<meta name=\"robots\" content=\"index, follow, max-snippet:-1, max-image-preview:large, max-video-preview:-1\" \/>\n<link rel=\"canonical\" href=\"https:\/\/sandrinesparis.com\/index.php\/sandrine-voillet-tv\/\" \/>\n<meta property=\"og:locale\" content=\"en_US\" \/>\n<meta property=\"og:type\" content=\"article\" \/>\n<meta property=\"og:title\" content=\"TV Work - Sandrine Voillet\" \/>\n<meta property=\"og:description\" content=\"TV Series \u201cParis\u201d BBC Series, 3 x 60min Taking viewers through several centuries of Paris\u2019 cultural history, Sandrine celebrates the art, literature, music, films and design that have combined to create the spectacular \u2018City of Lights\u2019. This is the tale of the lavish court of the Sun King, Louis XIV, and the sexual decadence of [&hellip;]\" \/>\n<meta property=\"og:url\" content=\"https:\/\/sandrinesparis.com\/index.php\/sandrine-voillet-tv\/\" \/>\n<meta property=\"og:site_name\" content=\"Sandrine Voillet\" \/>\n<meta property=\"article:publisher\" content=\"https:\/\/www.facebook.com\/people\/Sandrine-Voillet\/100063637573375\/\" \/>\n<meta property=\"article:modified_time\" content=\"2024-05-17T15:24:21+00:00\" \/>\n<meta property=\"og:image\" content=\"https:\/\/sandrinesparis.com\/wp-content\/uploads\/2024\/03\/mosaique.jpg\" \/>\n\t<meta property=\"og:image:width\" content=\"720\" \/>\n\t<meta property=\"og:image:height\" content=\"405\" \/>\n\t<meta property=\"og:image:type\" content=\"image\/jpeg\" \/>\n<meta name=\"twitter:card\" content=\"summary_large_image\" \/>\n<meta name=\"twitter:label1\" content=\"Est. reading time\" \/>\n\t<meta name=\"twitter:data1\" content=\"2 minutes\" \/>\n<script type=\"application\/ld+json\" class=\"yoast-schema-graph\">{\"@context\":\"https:\\\/\\\/schema.org\",\"@graph\":[{\"@type\":\"WebPage\",\"@id\":\"https:\\\/\\\/sandrinesparis.com\\\/index.php\\\/sandrine-voillet-tv\\\/\",\"url\":\"https:\\\/\\\/sandrinesparis.com\\\/index.php\\\/sandrine-voillet-tv\\\/\",\"name\":\"TV Work - Sandrine Voillet\",\"isPartOf\":{\"@id\":\"https:\\\/\\\/sandrinesparis.com\\\/#website\"},\"primaryImageOfPage\":{\"@id\":\"https:\\\/\\\/sandrinesparis.com\\\/index.php\\\/sandrine-voillet-tv\\\/#primaryimage\"},\"image\":{\"@id\":\"https:\\\/\\\/sandrinesparis.com\\\/index.php\\\/sandrine-voillet-tv\\\/#primaryimage\"},\"thumbnailUrl\":\"https:\\\/\\\/sandrinesparis.com\\\/wp-content\\\/uploads\\\/2024\\\/03\\\/mosaique.jpg\",\"datePublished\":\"2024-03-04T17:02:09+00:00\",\"dateModified\":\"2024-05-17T15:24:21+00:00\",\"breadcrumb\":{\"@id\":\"https:\\\/\\\/sandrinesparis.com\\\/index.php\\\/sandrine-voillet-tv\\\/#breadcrumb\"},\"inLanguage\":\"en-US\",\"potentialAction\":[{\"@type\":\"ReadAction\",\"target\":[\"https:\\\/\\\/sandrinesparis.com\\\/index.php\\\/sandrine-voillet-tv\\\/\"]}]},{\"@type\":\"ImageObject\",\"inLanguage\":\"en-US\",\"@id\":\"https:\\\/\\\/sandrinesparis.com\\\/index.php\\\/sandrine-voillet-tv\\\/#primaryimage\",\"url\":\"https:\\\/\\\/sandrinesparis.com\\\/wp-content\\\/uploads\\\/2024\\\/03\\\/mosaique.jpg\",\"contentUrl\":\"https:\\\/\\\/sandrinesparis.com\\\/wp-content\\\/uploads\\\/2024\\\/03\\\/mosaique.jpg\",\"width\":720,\"height\":405},{\"@type\":\"BreadcrumbList\",\"@id\":\"https:\\\/\\\/sandrinesparis.com\\\/index.php\\\/sandrine-voillet-tv\\\/#breadcrumb\",\"itemListElement\":[{\"@type\":\"ListItem\",\"position\":1,\"name\":\"Home\",\"item\":\"https:\\\/\\\/sandrinesparis.com\\\/\"},{\"@type\":\"ListItem\",\"position\":2,\"name\":\"TV Work\"}]},{\"@type\":\"WebSite\",\"@id\":\"https:\\\/\\\/sandrinesparis.com\\\/#website\",\"url\":\"https:\\\/\\\/sandrinesparis.com\\\/\",\"name\":\"Sandrine Voillet - Cultural Private Tours of Paris\",\"description\":\"Bespoke Paris Tours\",\"publisher\":{\"@id\":\"https:\\\/\\\/sandrinesparis.com\\\/#organization\"},\"potentialAction\":[{\"@type\":\"SearchAction\",\"target\":{\"@type\":\"EntryPoint\",\"urlTemplate\":\"https:\\\/\\\/sandrinesparis.com\\\/?s={search_term_string}\"},\"query-input\":{\"@type\":\"PropertyValueSpecification\",\"valueRequired\":true,\"valueName\":\"search_term_string\"}}],\"inLanguage\":\"en-US\"},{\"@type\":\"Organization\",\"@id\":\"https:\\\/\\\/sandrinesparis.com\\\/#organization\",\"name\":\"Sandrine Voillet Paris Tours\",\"url\":\"https:\\\/\\\/sandrinesparis.com\\\/\",\"logo\":{\"@type\":\"ImageObject\",\"inLanguage\":\"en-US\",\"@id\":\"https:\\\/\\\/sandrinesparis.com\\\/#\\\/schema\\\/logo\\\/image\\\/\",\"url\":\"https:\\\/\\\/sandrinesparis.com\\\/wp-content\\\/uploads\\\/2024\\\/05\\\/Screenshot-2024-05-17-at-18.34.15-1024x811.png\",\"contentUrl\":\"https:\\\/\\\/sandrinesparis.com\\\/wp-content\\\/uploads\\\/2024\\\/05\\\/Screenshot-2024-05-17-at-18.34.15-1024x811.png\",\"width\":1024,\"height\":811,\"caption\":\"Sandrine Voillet Paris Tours\"},\"image\":{\"@id\":\"https:\\\/\\\/sandrinesparis.com\\\/#\\\/schema\\\/logo\\\/image\\\/\"},\"sameAs\":[\"https:\\\/\\\/www.facebook.com\\\/people\\\/Sandrine-Voillet\\\/100063637573375\\\/\",\"https:\\\/\\\/www.instagram.com\\\/sandrinevoillet\\\/\"]}]}<\/script>\n<!-- \/ Yoast SEO plugin. -->","yoast_head_json":{"title":"TV Work - Sandrine Voillet","robots":{"index":"index","follow":"follow","max-snippet":"max-snippet:-1","max-image-preview":"max-image-preview:large","max-video-preview":"max-video-preview:-1"},"canonical":"https:\/\/sandrinesparis.com\/index.php\/sandrine-voillet-tv\/","og_locale":"en_US","og_type":"article","og_title":"TV Work - Sandrine Voillet","og_description":"TV Series \u201cParis\u201d BBC Series, 3 x 60min Taking viewers through several centuries of Paris\u2019 cultural history, Sandrine celebrates the art, literature, music, films and design that have combined to create the spectacular \u2018City of Lights\u2019. This is the tale of the lavish court of the Sun King, Louis XIV, and the sexual decadence of [&hellip;]","og_url":"https:\/\/sandrinesparis.com\/index.php\/sandrine-voillet-tv\/","og_site_name":"Sandrine Voillet","article_publisher":"https:\/\/www.facebook.com\/people\/Sandrine-Voillet\/100063637573375\/","article_modified_time":"2024-05-17T15:24:21+00:00","og_image":[{"width":720,"height":405,"url":"https:\/\/sandrinesparis.com\/wp-content\/uploads\/2024\/03\/mosaique.jpg","type":"image\/jpeg"}],"twitter_card":"summary_large_image","twitter_misc":{"Est. reading time":"2 minutes"},"schema":{"@context":"https:\/\/schema.org","@graph":[{"@type":"WebPage","@id":"https:\/\/sandrinesparis.com\/index.php\/sandrine-voillet-tv\/","url":"https:\/\/sandrinesparis.com\/index.php\/sandrine-voillet-tv\/","name":"TV Work - Sandrine Voillet","isPartOf":{"@id":"https:\/\/sandrinesparis.com\/#website"},"primaryImageOfPage":{"@id":"https:\/\/sandrinesparis.com\/index.php\/sandrine-voillet-tv\/#primaryimage"},"image":{"@id":"https:\/\/sandrinesparis.com\/index.php\/sandrine-voillet-tv\/#primaryimage"},"thumbnailUrl":"https:\/\/sandrinesparis.com\/wp-content\/uploads\/2024\/03\/mosaique.jpg","datePublished":"2024-03-04T17:02:09+00:00","dateModified":"2024-05-17T15:24:21+00:00","breadcrumb":{"@id":"https:\/\/sandrinesparis.com\/index.php\/sandrine-voillet-tv\/#breadcrumb"},"inLanguage":"en-US","potentialAction":[{"@type":"ReadAction","target":["https:\/\/sandrinesparis.com\/index.php\/sandrine-voillet-tv\/"]}]},{"@type":"ImageObject","inLanguage":"en-US","@id":"https:\/\/sandrinesparis.com\/index.php\/sandrine-voillet-tv\/#primaryimage","url":"https:\/\/sandrinesparis.com\/wp-content\/uploads\/2024\/03\/mosaique.jpg","contentUrl":"https:\/\/sandrinesparis.com\/wp-content\/uploads\/2024\/03\/mosaique.jpg","width":720,"height":405},{"@type":"BreadcrumbList","@id":"https:\/\/sandrinesparis.com\/index.php\/sandrine-voillet-tv\/#breadcrumb","itemListElement":[{"@type":"ListItem","position":1,"name":"Home","item":"https:\/\/sandrinesparis.com\/"},{"@type":"ListItem","position":2,"name":"TV Work"}]},{"@type":"WebSite","@id":"https:\/\/sandrinesparis.com\/#website","url":"https:\/\/sandrinesparis.com\/","name":"Sandrine Voillet - Cultural Private Tours of Paris","description":"Bespoke Paris Tours","publisher":{"@id":"https:\/\/sandrinesparis.com\/#organization"},"potentialAction":[{"@type":"SearchAction","target":{"@type":"EntryPoint","urlTemplate":"https:\/\/sandrinesparis.com\/?s={search_term_string}"},"query-input":{"@type":"PropertyValueSpecification","valueRequired":true,"valueName":"search_term_string"}}],"inLanguage":"en-US"},{"@type":"Organization","@id":"https:\/\/sandrinesparis.com\/#organization","name":"Sandrine Voillet Paris Tours","url":"https:\/\/sandrinesparis.com\/","logo":{"@type":"ImageObject","inLanguage":"en-US","@id":"https:\/\/sandrinesparis.com\/#\/schema\/logo\/image\/","url":"https:\/\/sandrinesparis.com\/wp-content\/uploads\/2024\/05\/Screenshot-2024-05-17-at-18.34.15-1024x811.png","contentUrl":"https:\/\/sandrinesparis.com\/wp-content\/uploads\/2024\/05\/Screenshot-2024-05-17-at-18.34.15-1024x811.png","width":1024,"height":811,"caption":"Sandrine Voillet Paris Tours"},"image":{"@id":"https:\/\/sandrinesparis.com\/#\/schema\/logo\/image\/"},"sameAs":["https:\/\/www.facebook.com\/people\/Sandrine-Voillet\/100063637573375\/","https:\/\/www.instagram.com\/sandrinevoillet\/"]}]}},"_links":{"self":[{"href":"https:\/\/sandrinesparis.com\/index.php\/wp-json\/wp\/v2\/pages\/7","targetHints":{"allow":["GET"]}}],"collection":[{"href":"https:\/\/sandrinesparis.com\/index.php\/wp-json\/wp\/v2\/pages"}],"about":[{"href":"https:\/\/sandrinesparis.com\/index.php\/wp-json\/wp\/v2\/types\/page"}],"author":[{"embeddable":true,"href":"https:\/\/sandrinesparis.com\/index.php\/wp-json\/wp\/v2\/users\/1"}],"replies":[{"embeddable":true,"href":"https:\/\/sandrinesparis.com\/index.php\/wp-json\/wp\/v2\/comments?post=7"}],"version-history":[{"count":2,"href":"https:\/\/sandrinesparis.com\/index.php\/wp-json\/wp\/v2\/pages\/7\/revisions"}],"predecessor-version":[{"id":50,"href":"https:\/\/sandrinesparis.com\/index.php\/wp-json\/wp\/v2\/pages\/7\/revisions\/50"}],"wp:featuredmedia":[{"embeddable":true,"href":"https:\/\/sandrinesparis.com\/index.php\/wp-json\/wp\/v2\/media\/46"}],"wp:attachment":[{"href":"https:\/\/sandrinesparis.com\/index.php\/wp-json\/wp\/v2\/media?parent=7"}],"curies":[{"name":"wp","href":"https:\/\/api.w.org\/{rel}","templated":true}]}}